{"id":1248,"date":"2018-06-07T14:09:13","date_gmt":"2018-06-07T12:09:13","guid":{"rendered":"https:\/\/lohmann-praxis.com\/word\/?page_id=1248"},"modified":"2018-06-28T12:36:51","modified_gmt":"2018-06-28T10:36:51","slug":"funktionstherapie","status":"publish","type":"page","link":"https:\/\/lohmann-praxis.com\/word\/funktionstherapie\/","title":{"rendered":"Funktionstherapie"},"content":{"rendered":"<\/div><\/div><\/div><!-- close content main div --><\/div><\/div><div id='full_slider_1' class='avia-fullwidth-slider main_color avia-shadow   container_wrap sidebar_right'   ><div  data-size='featured_large'  data-lightbox_size='large'  data-animation='fade'  data-ids='1183,1176,1175,1173'  data-video_counter='0'  data-autoplay='false'  data-bg_slider='false'  data-slide_height=''  data-handle='av_slideshow_full'  data-interval='6'  data-class=' '  data-css_id=''  data-scroll_down=''  data-control_layout='av-control-minimal'  data-custom_markup=''  data-perma_caption='aviaTBperma_caption'  data-autoplay_stopper=''  data-image_attachment=''  data-min_height='0px'  data-src=''  data-position='top left'  data-repeat='no-repeat'  data-attach='scroll'  data-stretch=''  data-default-height='42'  class='avia-slideshow avia-slideshow-1  av-control-minimal av-default-height-applied avia-slideshow-featured_large av_slideshow_full   avia-fade-slider '  itemscope=\"itemscope\" itemtype=\"https:\/\/schema.org\/ImageObject\" ><ul class='avia-slideshow-inner' style='padding-bottom: 42%;'><li  class=' slide-1 ' ><div data-rel='slideshow-1' class='avia-slide-wrap'  ><img src='https:\/\/lohmann-praxis.com\/word\/wp-content\/uploads\/2018\/05\/AW_PraxisLohmann-457-1500x630.jpg' width='1500' height='630' title='Praxis Dr. Lohmann' alt=''  itemprop=\"thumbnailUrl\"   \/><\/div><\/li><li  class=' slide-2 ' ><div data-rel='slideshow-1' class='avia-slide-wrap'  ><img src='https:\/\/lohmann-praxis.com\/word\/wp-content\/uploads\/2018\/05\/AW_PraxisLohmann-440-1500x630.jpg' width='1500' height='630' title='Praxis Dr. Lohmann' alt=''  itemprop=\"thumbnailUrl\"   \/><\/div><\/li><li  class=' slide-3 ' ><div data-rel='slideshow-1' class='avia-slide-wrap'  ><img src='https:\/\/lohmann-praxis.com\/word\/wp-content\/uploads\/2018\/05\/AW_PraxisLohmann-437-1500x630.jpg' width='1500' height='630' title='Praxis Dr. Lohmann' alt=''  itemprop=\"thumbnailUrl\"   \/><\/div><\/li><li  class=' slide-4 ' ><div data-rel='slideshow-1' class='avia-slide-wrap'  ><img src='https:\/\/lohmann-praxis.com\/word\/wp-content\/uploads\/2018\/05\/AW_PraxisLohmann-433-1500x630.jpg' width='1500' height='630' title='Praxis Dr. Lohmann' alt=''  itemprop=\"thumbnailUrl\"   \/><\/div><\/li><\/ul><div class='avia-slideshow-arrows avia-slideshow-controls'><a href='#prev' class='prev-slide' aria-hidden='true' data-av_icon='\ue87c' data-av_iconfont='entypo-fontello'>Zur\u00fcck<\/a><a href='#next' class='next-slide' aria-hidden='true' data-av_icon='\ue87d' data-av_iconfont='entypo-fontello'>Weiter<\/a><\/div><div class='avia-slideshow-dots avia-slideshow-controls'><a href='#1' class='goto-slide active' >1<\/a><a href='#2' class='goto-slide ' >2<\/a><a href='#3' class='goto-slide ' >3<\/a><a href='#4' class='goto-slide ' >4<\/a><\/div><\/div><\/div>\n<\/div><\/div><\/div><!-- close content main div --><\/div><\/div><div id='av_section_1' class='avia-section main_color avia-section-huge avia-no-border-styling avia-bg-style-scroll   container_wrap sidebar_right'   ><div class='container' ><div class='template-page content  av-content-small alpha units'><div class='post-entry post-entry-type-page post-entry-1248'><div class='entry-content-wrapper clearfix'>\n<div style='padding-bottom:20px;font-size:34px;' class='av-special-heading av-special-heading-h3  blockquote modern-quote  av-inherit-size '><h3 class='av-special-heading-tag '  itemprop=\"headline\"  >Funktionstherapie<\/h3><div class='special-heading-border'><div class='special-heading-inner-border' ><\/div><\/div><\/div>\n<div class=\"flex_column av_one_half  av-animated-generic bottom-to-top  flex_column_div av-zero-column-padding first  \" style='border-radius:0px; '><section class=\"av_textblock_section \"  itemscope=\"itemscope\" itemtype=\"https:\/\/schema.org\/CreativeWork\" ><div class='avia_textblock  '   itemprop=\"text\" ><p><strong>(Erkl\u00e4rung)<\/strong><\/p>\n<p>Erkrankungen des Kiefergelenks k\u00f6nnen sehr schmerzhaft sein und Ihre Lebensqualit\u00e4t erheblich beeintr\u00e4chtigen. Anzeichen sind nicht nur Zahn- oder Kieferschmerzen bzw. Knacken oder Reiben im Gelenk, sondern auch Symptome wie Kopf- oder Nackenschmerzen, Tinnitus oder R\u00fcckenschmerzen, die man zun\u00e4chst gar nicht mit einer Funktionsst\u00f6rung des Kiefergelenks in Zusammenhang bringt.<span class=\"Apple-converted-space\">\u00a0<\/span><\/p>\n<p>Die Ursachen sind vielf\u00e4ltig und h\u00e4ufig schwer zu lokalisieren. Einerseits k\u00f6nnen Fehlstellungen von Z\u00e4hnen Ausl\u00f6ser f\u00fcr oben genannte Symptome sein, andererseits kann vor allem Stress als psychische Belastung verantwortlich sein. Insbesondere psychischer Stress \u00e4u\u00dfert sich in Form von Z\u00e4hneknirschen, das insbesondere nachts zu einer Beeintr\u00e4chtigung der Zahnsubstanz<span class=\"Apple-converted-space\">\u00a0 <\/span>und \u00dcberbeanspruchung des Kiefergelenks f\u00fchrt.<span class=\"Apple-converted-space\">\u00a0<\/span><\/p>\n<p>Durch eine ad\u00e4quate und zielgerichtete Therapie kann sehr schnell eine Besserung erreicht werden, sprechen Sie uns an!<\/p>\n<\/div><\/section><\/div><div class=\"flex_column av_one_half  av-animated-generic bottom-to-top  flex_column_div av-zero-column-padding   \" style='border-radius:0px; '><section class=\"av_textblock_section \"  itemscope=\"itemscope\" itemtype=\"https:\/\/schema.org\/CreativeWork\" ><div class='avia_textblock  '   itemprop=\"text\" ><p><strong>THERAPIE<\/strong><\/p>\n<p>Schienentherapie<\/p>\n<p>Mithilfe einer Schienentherapie, die in Zusammenarbeit mit unserem Labor nach intensivem Funktionsbefund angefertigt wird, k\u00f6nnen sehr gute Behandlungsergebnisse erzielt werden.<\/p>\n<p>Patienten, die unter n\u00e4chtlichem Schnarchen leiden, kann mithilfe einer sogenannten \u201eProtrusionsschiene\u201c f\u00fcr den Unterkiefer geholfen werden. Hierdurch wird verhindert, dass die Atemwege beim Schlaf eingeengt werden und somit dem n\u00e4chtlichen Schnarchen entgegengewirkt.<\/p>\n<\/div><\/section><\/div>\n<\/div><\/div><\/div><!-- close content main div --><\/div><\/div><div id='after_section_1' class='main_color av_default_container_wrap container_wrap sidebar_right'   ><div class='container' ><div class='template-page content  av-content-small alpha units'><div class='post-entry post-entry-type-page post-entry-1248'><div class='entry-content-wrapper clearfix'>\n","protected":false},"excerpt":{"rendered":"","protected":false},"author":1,"featured_media":0,"parent":0,"menu_order":0,"comment_status":"closed","ping_status":"closed","template":"","meta":{"footnotes":""},"class_list":["post-1248","page","type-page","status-publish","hentry"],"_links":{"self":[{"href":"https:\/\/lohmann-praxis.com\/word\/wp-json\/wp\/v2\/pages\/1248","targetHints":{"allow":["GET"]}}],"collection":[{"href":"https:\/\/lohmann-praxis.com\/word\/wp-json\/wp\/v2\/pages"}],"about":[{"href":"https:\/\/lohmann-praxis.com\/word\/wp-json\/wp\/v2\/types\/page"}],"author":[{"embeddable":true,"href":"https:\/\/lohmann-praxis.com\/word\/wp-json\/wp\/v2\/users\/1"}],"replies":[{"embeddable":true,"href":"https:\/\/lohmann-praxis.com\/word\/wp-json\/wp\/v2\/comments?post=1248"}],"version-history":[{"count":3,"href":"https:\/\/lohmann-praxis.com\/word\/wp-json\/wp\/v2\/pages\/1248\/revisions"}],"predecessor-version":[{"id":1293,"href":"https:\/\/lohmann-praxis.com\/word\/wp-json\/wp\/v2\/pages\/1248\/revisions\/1293"}],"wp:attachment":[{"href":"https:\/\/lohmann-praxis.com\/word\/wp-json\/wp\/v2\/media?parent=1248"}],"curies":[{"name":"wp","href":"https:\/\/api.w.org\/{rel}","templated":true}]}}