{"id":1242,"date":"2018-06-07T14:06:01","date_gmt":"2018-06-07T12:06:01","guid":{"rendered":"https:\/\/lohmann-praxis.com\/word\/?page_id=1242"},"modified":"2018-06-28T12:36:37","modified_gmt":"2018-06-28T10:36:37","slug":"zahnersatz","status":"publish","type":"page","link":"https:\/\/lohmann-praxis.com\/word\/zahnersatz\/","title":{"rendered":"Zahnersatz"},"content":{"rendered":"<\/div><\/div><\/div><!-- close content main div --><\/div><\/div><div id='full_slider_1' class='avia-fullwidth-slider main_color avia-shadow   container_wrap sidebar_right'   ><div  data-size='featured_large'  data-lightbox_size='large'  data-animation='fade'  data-ids='1171,1181,1184,1180,1179'  data-video_counter='0'  data-autoplay='false'  data-bg_slider='false'  data-slide_height=''  data-handle='av_slideshow_full'  data-interval='6'  data-class=' '  data-css_id=''  data-scroll_down=''  data-control_layout='av-control-minimal'  data-custom_markup=''  data-perma_caption='aviaTBperma_caption'  data-autoplay_stopper=''  data-image_attachment=''  data-min_height='0px'  data-src=''  data-position='top left'  data-repeat='no-repeat'  data-attach='scroll'  data-stretch=''  data-default-height='42'  class='avia-slideshow avia-slideshow-1  av-control-minimal av-default-height-applied avia-slideshow-featured_large av_slideshow_full   avia-fade-slider '  itemscope=\"itemscope\" itemtype=\"https:\/\/schema.org\/ImageObject\" ><ul class='avia-slideshow-inner' style='padding-bottom: 42%;'><li  class=' slide-1 ' ><div data-rel='slideshow-1' class='avia-slide-wrap'  ><img src='https:\/\/lohmann-praxis.com\/word\/wp-content\/uploads\/2018\/05\/AW_PraxisLohmann-431-1500x630.jpg' width='1500' height='630' title='Praxis Dr. Lohmann' alt=''  itemprop=\"thumbnailUrl\"   \/><\/div><\/li><li  class=' slide-2 ' ><div data-rel='slideshow-1' class='avia-slide-wrap'  ><img src='https:\/\/lohmann-praxis.com\/word\/wp-content\/uploads\/2018\/05\/AW_PraxisLohmann-452-1500x630.jpg' width='1500' height='630' title='Praxis Dr. Lohmann' alt=''  itemprop=\"thumbnailUrl\"   \/><\/div><\/li><li  class=' slide-3 ' ><div data-rel='slideshow-1' class='avia-slide-wrap'  ><img src='https:\/\/lohmann-praxis.com\/word\/wp-content\/uploads\/2018\/05\/AW_PraxisLohmann-458-1500x630.jpg' width='1500' height='630' title='Praxis Dr. Lohmann' alt=''  itemprop=\"thumbnailUrl\"   \/><\/div><\/li><li  class=' slide-4 ' ><div data-rel='slideshow-1' class='avia-slide-wrap'  ><img src='https:\/\/lohmann-praxis.com\/word\/wp-content\/uploads\/2018\/05\/AW_PraxisLohmann-450-1500x630.jpg' width='1500' height='630' title='Praxis Dr. Lohmann' alt=''  itemprop=\"thumbnailUrl\"   \/><\/div><\/li><li  class=' slide-5 ' ><div data-rel='slideshow-1' class='avia-slide-wrap'  ><img src='https:\/\/lohmann-praxis.com\/word\/wp-content\/uploads\/2018\/05\/AW_PraxisLohmann-446-1500x630.jpg' width='1500' height='630' title='Praxis Dr. Lohmann' alt=''  itemprop=\"thumbnailUrl\"   \/><\/div><\/li><\/ul><div class='avia-slideshow-arrows avia-slideshow-controls'><a href='#prev' class='prev-slide' aria-hidden='true' data-av_icon='\ue87c' data-av_iconfont='entypo-fontello'>Zur\u00fcck<\/a><a href='#next' class='next-slide' aria-hidden='true' data-av_icon='\ue87d' data-av_iconfont='entypo-fontello'>Weiter<\/a><\/div><div class='avia-slideshow-dots avia-slideshow-controls'><a href='#1' class='goto-slide active' >1<\/a><a href='#2' class='goto-slide ' >2<\/a><a href='#3' class='goto-slide ' >3<\/a><a href='#4' class='goto-slide ' >4<\/a><a href='#5' class='goto-slide ' >5<\/a><\/div><\/div><\/div>\n<\/div><\/div><\/div><!-- close content main div --><\/div><\/div><div id='av_section_1' class='avia-section main_color avia-section-huge avia-no-border-styling avia-bg-style-scroll   container_wrap sidebar_right'   ><div class='container' ><div class='template-page content  av-content-small alpha units'><div class='post-entry post-entry-type-page post-entry-1242'><div class='entry-content-wrapper clearfix'>\n<div style='padding-bottom:20px;font-size:34px;' class='av-special-heading av-special-heading-h3  blockquote modern-quote  av-inherit-size '><h3 class='av-special-heading-tag '  itemprop=\"headline\"  >Zahnersatz<\/h3><div class='special-heading-border'><div class='special-heading-inner-border' ><\/div><\/div><\/div>\n<div class=\"flex_column av_one_half  av-animated-generic bottom-to-top  flex_column_div av-zero-column-padding first  \" style='border-radius:0px; '><section class=\"av_textblock_section \"  itemscope=\"itemscope\" itemtype=\"https:\/\/schema.org\/CreativeWork\" ><div class='avia_textblock  '   itemprop=\"text\" ><p>Bei Verlust von Zahnsubstanz stehen eine Reihe von Ma\u00dfnahmen zur Verf\u00fcgung. Man unterscheidet dabei zwischen festsitzendem, abnehmbarem und kombiniert festsitzend-abnehmbarem Zahnersatz.<span class=\"Apple-converted-space\">\u00a0<\/span><\/p>\n<p>Eine Krone ist festsitzender Zahnersatz, die den gesamten sichtbaren Teil eines Zahnes \u00fcberdeckt. Sie ist in vielen Materialvarianten wie Keramik, Gold oder Nichtedelmetall herstellbar und fest mit dem Zahn verklebt. Die verlorene Zahnsubstanz wird so wiederhergestellt.<span class=\"Apple-converted-space\">\u00a0<\/span><\/p>\n<\/div><\/section><\/div><div class=\"flex_column av_one_half  av-animated-generic bottom-to-top  flex_column_div av-zero-column-padding   \" style='border-radius:0px; '><section class=\"av_textblock_section \"  itemscope=\"itemscope\" itemtype=\"https:\/\/schema.org\/CreativeWork\" ><div class='avia_textblock  '   itemprop=\"text\" ><p>Muss ein Zahn extrahiert werden, kann die entstandene L\u00fccke durch eine Br\u00fccke geschlossen werden. Hierbei werden die an die L\u00fccke angrenzenden Nachbarz\u00e4hne beschliffen und dienen als Pfeiler f\u00fcr das Br\u00fcckenglied, das den verloren Zahn ersetzt. Um gesunde Nachbarz\u00e4hne zu schonen, ist auch der Einsatz von Implantaten denkbar. Lassen Sie sich diesbez\u00fcglich individuell beraten. Nach einer umfangreichen Anamnese entwickeln wir einen Ihren Bed\u00fcrfnissen entsprechenden pers\u00f6nlichen Behandlungsplan.<\/p>\n<p>Bei Verlust aller Z\u00e4hne k\u00f6nnen Kaufunktion, \u00c4sthetik und Phonetik durch eine Totalprothese wiederhergestellt werden. Sind noch gen\u00fcgend gesunde Z\u00e4hne vorhanden, werden Teilprothesen gefertigt. Der Halt im Gesamtgebiss wird mit Hilfe von Klammern, Geschieben oder anderen unsichtbaren Verbindungselementen gew\u00e4hrleistet.<\/p>\n<\/div><\/section><\/div>\n<\/div><\/div><\/div><!-- close content main div --><\/div><\/div><div id='after_section_1' class='main_color av_default_container_wrap container_wrap sidebar_right'   ><div class='container' ><div class='template-page content  av-content-small alpha units'><div class='post-entry post-entry-type-page post-entry-1242'><div class='entry-content-wrapper clearfix'>\n","protected":false},"excerpt":{"rendered":"","protected":false},"author":1,"featured_media":0,"parent":0,"menu_order":0,"comment_status":"closed","ping_status":"closed","template":"","meta":{"footnotes":""},"class_list":["post-1242","page","type-page","status-publish","hentry"],"_links":{"self":[{"href":"https:\/\/lohmann-praxis.com\/word\/wp-json\/wp\/v2\/pages\/1242","targetHints":{"allow":["GET"]}}],"collection":[{"href":"https:\/\/lohmann-praxis.com\/word\/wp-json\/wp\/v2\/pages"}],"about":[{"href":"https:\/\/lohmann-praxis.com\/word\/wp-json\/wp\/v2\/types\/page"}],"author":[{"embeddable":true,"href":"https:\/\/lohmann-praxis.com\/word\/wp-json\/wp\/v2\/users\/1"}],"replies":[{"embeddable":true,"href":"https:\/\/lohmann-praxis.com\/word\/wp-json\/wp\/v2\/comments?post=1242"}],"version-history":[{"count":2,"href":"https:\/\/lohmann-praxis.com\/word\/wp-json\/wp\/v2\/pages\/1242\/revisions"}],"predecessor-version":[{"id":1291,"href":"https:\/\/lohmann-praxis.com\/word\/wp-json\/wp\/v2\/pages\/1242\/revisions\/1291"}],"wp:attachment":[{"href":"https:\/\/lohmann-praxis.com\/word\/wp-json\/wp\/v2\/media?parent=1242"}],"curies":[{"name":"wp","href":"https:\/\/api.w.org\/{rel}","templated":true}]}}