{"id":1239,"date":"2018-06-07T14:03:27","date_gmt":"2018-06-07T12:03:27","guid":{"rendered":"https:\/\/lohmann-praxis.com\/word\/?page_id=1239"},"modified":"2026-01-12T11:32:35","modified_gmt":"2026-01-12T10:32:35","slug":"zahnerhaltung","status":"publish","type":"page","link":"https:\/\/lohmann-praxis.com\/word\/zahnerhaltung\/","title":{"rendered":"Zahnerhaltung"},"content":{"rendered":"<\/div><\/div><\/div><!-- close content main div --><\/div><\/div><div id='full_slider_1' class='avia-fullwidth-slider main_color avia-shadow   container_wrap sidebar_right'   ><div  data-size='featured_large'  data-lightbox_size='large'  data-animation='fade'  data-ids='1185,1181,1189,1205'  data-video_counter='0'  data-autoplay='false'  data-bg_slider='false'  data-slide_height=''  data-handle='av_slideshow_full'  data-interval='6'  data-class=' '  data-css_id=''  data-scroll_down=''  data-control_layout='av-control-minimal'  data-custom_markup=''  data-perma_caption='aviaTBperma_caption'  data-autoplay_stopper=''  data-image_attachment=''  data-min_height='0px'  data-src=''  data-position='top left'  data-repeat='no-repeat'  data-attach='scroll'  data-stretch=''  data-default-height='42'  class='avia-slideshow avia-slideshow-1  av-control-minimal av-default-height-applied avia-slideshow-featured_large av_slideshow_full   avia-fade-slider '  itemscope=\"itemscope\" itemtype=\"https:\/\/schema.org\/ImageObject\" ><ul class='avia-slideshow-inner' style='padding-bottom: 42%;'><li  class=' slide-1 ' ><div data-rel='slideshow-1' class='avia-slide-wrap'  ><img src='https:\/\/lohmann-praxis.com\/word\/wp-content\/uploads\/2018\/05\/AW_PraxisLohmann-460-1500x630.jpg' width='1500' height='630' title='Praxis Dr. Lohmann' alt=''  itemprop=\"thumbnailUrl\"   \/><\/div><\/li><li  class=' slide-2 ' ><div data-rel='slideshow-1' class='avia-slide-wrap'  ><img src='https:\/\/lohmann-praxis.com\/word\/wp-content\/uploads\/2018\/05\/AW_PraxisLohmann-452-1500x630.jpg' width='1500' height='630' title='Praxis Dr. Lohmann' alt=''  itemprop=\"thumbnailUrl\"   \/><\/div><\/li><li  class=' slide-3 ' ><div data-rel='slideshow-1' class='avia-slide-wrap'  ><img src='https:\/\/lohmann-praxis.com\/word\/wp-content\/uploads\/2018\/05\/AW_PraxisLohmann-479-1500x630.jpg' width='1500' height='630' title='Praxis Dr. Lohmann' alt=''  itemprop=\"thumbnailUrl\"   \/><\/div><\/li><li  class=' slide-4 ' ><div data-rel='slideshow-1' class='avia-slide-wrap'  ><img src='https:\/\/lohmann-praxis.com\/word\/wp-content\/uploads\/2018\/05\/AW_PraxisLohmann-327-1500x630.jpg' width='1500' height='630' title='Praxis Dr. Lohmann' alt=''  itemprop=\"thumbnailUrl\"   \/><\/div><\/li><\/ul><div class='avia-slideshow-arrows avia-slideshow-controls'><a href='#prev' class='prev-slide' aria-hidden='true' data-av_icon='\ue87c' data-av_iconfont='entypo-fontello'>Zur\u00fcck<\/a><a href='#next' class='next-slide' aria-hidden='true' data-av_icon='\ue87d' data-av_iconfont='entypo-fontello'>Weiter<\/a><\/div><div class='avia-slideshow-dots avia-slideshow-controls'><a href='#1' class='goto-slide active' >1<\/a><a href='#2' class='goto-slide ' >2<\/a><a href='#3' class='goto-slide ' >3<\/a><a href='#4' class='goto-slide ' >4<\/a><\/div><\/div><\/div>\n<\/div><\/div><\/div><!-- close content main div --><\/div><\/div><div id='av_section_1' class='avia-section main_color avia-section-huge avia-no-border-styling avia-bg-style-scroll   container_wrap sidebar_right'   ><div class='container' ><div class='template-page content  av-content-small alpha units'><div class='post-entry post-entry-type-page post-entry-1239'><div class='entry-content-wrapper clearfix'>\n<div style='padding-bottom:20px;font-size:34px;' class='av-special-heading av-special-heading-h3  blockquote modern-quote  av-inherit-size '><h3 class='av-special-heading-tag '  itemprop=\"headline\"  >Zahnerhaltung<\/h3><div class='special-heading-border'><div class='special-heading-inner-border' ><\/div><\/div><\/div>\n<div class=\"flex_column av_one_half  av-animated-generic bottom-to-top  flex_column_div av-zero-column-padding first  \" style='border-radius:0px; '><section class=\"av_textblock_section \"  itemscope=\"itemscope\" itemtype=\"https:\/\/schema.org\/CreativeWork\" ><div class='avia_textblock  '   itemprop=\"text\" ><p>Oberstes Ziel unserer Versorgung ist die Erhaltung nat\u00fcrlicher Z\u00e4hne. Bestehende Zahnsch\u00e4den k\u00f6nnen beseitigt und die Zahnsubstanz wiederhergestellt werden. Dabei liegt unser Fokus auf einer optimalen Versorgung der Z\u00e4hne. \u00c4sthetische Aspekte nehmen wir sehr ernst. Ziel ist es, unsere Patienten auch mit dem optischen Ergebnissen rundum zufrieden zu stellen.<\/p>\n<p>Wir verwenden f\u00fcr unsere F\u00fcllungen zahnfarbenes Kunststoffmaterial (Komposit), welches optisch nicht von der eigenen Zahnfarbe zu unterscheiden ist und daher \u00e4sthetisch bestm\u00f6gliche Ergebnisse liefert.<span class=\"Apple-converted-space\">\u00a0<\/span><\/p>\n<p>Ziel einer Wurzelkanalbehandlung ist die Behandlung einer bestehenden Wurzelkanalentz\u00fcndung, die betroffenen Patienten gro\u00dfe Schmerzen bereitet, sowie die Erhaltung des nat\u00fcrlichen Zahns. Das entz\u00fcndete Gewebe wird dabei sorgf\u00e4ltig entfernt und der Wurzelkanal nach Sp\u00fclung mit desinfizierenden L\u00f6sungen wieder mit einem biokompatiblen Material (Guttapercha) gef\u00fcllt.<span class=\"Apple-converted-space\">\u00a0<\/span><\/p>\n<\/div><\/section><\/div><div class=\"flex_column av_one_half  av-animated-generic bottom-to-top  flex_column_div av-zero-column-padding   \" style='border-radius:0px; '><section class=\"av_textblock_section \"  itemscope=\"itemscope\" itemtype=\"https:\/\/schema.org\/CreativeWork\" ><div class='avia_textblock  '   itemprop=\"text\" ><p>Viele Patienten leider unter Zahnfleischentz\u00fcndungen (Parodontitis). Unbehandelt kann diese Krankheit zum Knochenabbau und letztlich zum Zahnverlust f\u00fchren. Gerne zeigen wir Ihnen Gegenma\u00dfnahmen auf und beraten Sie hinsichtlich einer geeigneten Therapie.<\/p>\n<p>Nicht selten kommt es im Alltag zu Unf\u00e4llen, die einen abgebrochenen oder besch\u00e4digten Zahn nach sich ziehen. Teilkronen aus Gold oder Keramik helfen, die verlorene Zahnsubstanz zu ersetzen und den Zahn zu rekonstruieren. Im \u00e4sthetisch wichtigen Frontzahnbereich k\u00f6nnen so genannte Veneers (Keramikverblendschalen) zum Einsatz kommen, die die fehlende Zahnhartsubstanz in Ihrer eigenen Zahnfarbe ersetzen. Optisch sind die rekonstruierten Z\u00e4hne nahezu gar nicht von den nat\u00fcrlichen zu unterscheiden.<\/p>\n<p>Bei Fragen zu den oben genannten Leistungen stehen wir Ihnen gerne zur Verf\u00fcgung.<\/p>\n<\/div><\/section><\/div>\n<\/div><\/div><\/div><!-- close content main div --><\/div><\/div><div id='after_section_1' class='main_color av_default_container_wrap container_wrap sidebar_right'   ><div class='container' ><div class='template-page content  av-content-small alpha units'><div class='post-entry post-entry-type-page post-entry-1239'><div class='entry-content-wrapper clearfix'>\n","protected":false},"excerpt":{"rendered":"","protected":false},"author":1,"featured_media":0,"parent":0,"menu_order":0,"comment_status":"closed","ping_status":"closed","template":"","meta":{"footnotes":""},"class_list":["post-1239","page","type-page","status-publish","hentry"],"_links":{"self":[{"href":"https:\/\/lohmann-praxis.com\/word\/wp-json\/wp\/v2\/pages\/1239","targetHints":{"allow":["GET"]}}],"collection":[{"href":"https:\/\/lohmann-praxis.com\/word\/wp-json\/wp\/v2\/pages"}],"about":[{"href":"https:\/\/lohmann-praxis.com\/word\/wp-json\/wp\/v2\/types\/page"}],"author":[{"embeddable":true,"href":"https:\/\/lohmann-praxis.com\/word\/wp-json\/wp\/v2\/users\/1"}],"replies":[{"embeddable":true,"href":"https:\/\/lohmann-praxis.com\/word\/wp-json\/wp\/v2\/comments?post=1239"}],"version-history":[{"count":4,"href":"https:\/\/lohmann-praxis.com\/word\/wp-json\/wp\/v2\/pages\/1239\/revisions"}],"predecessor-version":[{"id":1325,"href":"https:\/\/lohmann-praxis.com\/word\/wp-json\/wp\/v2\/pages\/1239\/revisions\/1325"}],"wp:attachment":[{"href":"https:\/\/lohmann-praxis.com\/word\/wp-json\/wp\/v2\/media?parent=1239"}],"curies":[{"name":"wp","href":"https:\/\/api.w.org\/{rel}","templated":true}]}}